{"id":5411,"date":"2025-11-24T15:05:44","date_gmt":"2025-11-24T15:05:44","guid":{"rendered":"https:\/\/solvares.com\/?page_id=5411"},"modified":"2026-02-13T14:46:52","modified_gmt":"2026-02-13T14:46:52","slug":"company-solvares-logistics","status":"publish","type":"page","link":"https:\/\/solvares.com\/en\/group\/company-solvares-logistics\/","title":{"rendered":"Company \u2013 Solvares Logistics"},"content":{"rendered":"<p>Optimising transport logistics, minimising costs, improving processes and increasing competitiveness \u2013 these are the core areas of Solvares Logistics. Well-known companies from industry, trade and services worldwide use the market-leading software solutions. With the tools and consulting services from Solvares Logistics, you can optimise your transport management, route planning, freight costs and warehouse logistics.  <\/p>\n<h1>SOLVARES LOGISTICS<br \/>\n<\/h1>\n<h2>SPECIALIST IN THE FIELD OF TRANS\u00adPORT LOGISTICS<\/h2>\n<p>Optimising transport logistics, minimising costs, improving processes and increasing competitiveness \u2013 these are the core areas of Solvares Logistics. Well-known companies from industry, trade and services worldwide use the market-leading software solutions. With the tools and consulting services from Solvares Logistics, you can optimise your transport management, route planning, freight costs and warehouse logistics.<\/p>\n<h3>SOLVARES LOGISTICS IN NUMBERS<\/h3>\n<p>CORE AREA<\/p>\n<h4>LOGISTICS<\/h4>\n<p>LOCATIONS<\/p>\n<h4>HAMBURG, NUREMBERG; UK, FRANCE &amp; BENELUX<\/h4>\n<p>EMPLOYEES<\/p>\n<h4>+130<\/h4>\n<p><img decoding=\"async\" src=\"https:\/\/solvares.com\/wp-content\/uploads\/2025\/06\/solvares-logistics-alexander-sollmann-1.webp\" alt=\"\" \/><\/p>\n<h4>\u00bbOur motivation is to exceed our customers&#8217; expectations, which is why we build best-in-class software and offer highly professional services.\u00ab<\/h4>\n<p>Alexander Sollmann \u00b7 Head of Solvares LogisticsLOGISTICS<\/p>\n<h3>CUTTING-EDGE TECHNOLOGY AND CONSULTING FOR EFFICIENT TRANSPORT LOGISTICS<\/h3>\n<p>With Solvares Logistics you optimise your entire transport logistics.<\/p>\n<p>Solvares Logistics&#8217; software solutions meet the highest standards in the areas of transport planning and optimisation, truck dispatching, billing, track &amp; trace, simulation and controlling. The logistics experts at Solvares Logistics also support their customers with expert advice on all operational and strategic issues relating to transport and warehouse logistics.<\/p>\n<p>In the area of freight controlling, Solvares Logistics offers computer-assisted freight auditing and freight billing with high savings potential while reducing the workload for customers. Additional services such as interim management and an online freight database round out the range of services for modern transport logistics.<\/p>\n<p><img decoding=\"async\" src=\"https:\/\/solvares.com\/wp-content\/uploads\/2022\/08\/solvares-group-companies-staedtler-1.webp\" alt=\"\" \/><\/p>\n<h3>CORE AREAS<\/h3>\n<p>TRANSPORTMANAGEMENT<\/p>\n<p>ROUTINGAND SCHEDULING<\/p>\n<p>TRANSPORT COSTBENCHMARKING<\/p>\n<p>LOGISTICSCONSULTING<\/p>\n<p>WAREHOUSEPLANNING<\/p>\n<p>TENDERMANAGEMENT<\/p>\n<p>TOUROPTIMISATION<\/p>\n<p>SIMULATION<\/p>\n<p>FREIGHT AUDITING<\/p>\n<p>Are you interested in taking your business and service to the next level?<br \/>\nWe inform you without obligation &amp; free of charge about the possibilities of optimisation for your company.<\/p>\n<p><a href=\"https:\/\/solvares.com\/en\/group\/#contact\" title=\"\">ARRANGE DEMO<\/a><br \/>\nGROUNDBREAKING TECHNOLOGY<\/p>\n<h3>SUCCESS STORIES FROM SOLVARES LOGISTICS CUSTOMERS<\/h3>\n<p><a href=\"https:\/\/solvares.com\/en\/case-studies\/stadtler-logistic-for-pistor-ag-managing-3-temperature-zones-in-1-single-transport-using-scheduling-system-trampas-telematics\/\" title=\"\"><\/p>\n<p>Managing 3 Temperature Zones in 1 Single Transport Using Scheduling System TRAMPAS &amp; Telematics.<\/p>\n<p><a href=\"https:\/\/solvares.com\/en\/case-studies\/stadtler-logistic-for-pistor-ag-managing-3-temperature-zones-in-1-single-transport-using-scheduling-system-trampas-telematics\/\">READ MORE\u00a0\u203a<\/a><\/a><\/p>\n<p><a href=\"https:\/\/solvares.com\/en\/case-studies\/stadtler-logistic-for-suez-awarding-recyclables-transports-with-transport-management-system-lp2\/\" title=\"\"><\/p>\n<p>Awarding Recyclables Transports with Transport<br \/>\nManagement System LP2.<\/p>\n<p><a href=\"https:\/\/solvares.com\/en\/case-studies\/stadtler-logistic-for-suez-awarding-recyclables-transports-with-transport-management-system-lp2\/\">READ MORE\u00a0\u203a<\/a><\/a><\/p>\n<p>Are you interested in taking your business and service to the next level?<br \/>\nWe inform you without obligation &amp; free of charge about the possibilities of optimisation for your company.<\/p>\n<p><a href=\"https:\/\/solvares.com\/en\/group\/#contact\" title=\"\">ARRANGE DEMO<\/a><\/p>\n<h3>WE ARE HERE FOR YOU.<\/h3>\n<p>Werner-Otto-Stra\u00dfe 8 \u00b7 22179 Hamburg \u00b7 Germany \u00b7<br \/>\nPhone: <a href=\"tel:+4904149600\">+49 40 4149600<\/a><\/p>\n<p> Lina-Ammon-Stra\u00dfe 19 \u00b7 90471 N\u00fcrnberg \u00b7 Germany \u00b7<br \/>\nPhone: <a href=\"tel:+4991145009311\">+49 911 45009-311<\/a><br \/>\n<a href=\"https:\/\/www.opheo.com\/\" target=\"_blank\" rel=\"noopener noreferrer nofollow\">www.solvares-logistics.com<\/a>Other companies in the Solvares Group<br \/>\n<a href=\"https:\/\/solvares.com\/en\/group\/company-solvares-field-service\/\" title=\"\"><\/p>\n<p><\/a><\/p>\n<p><a href=\"https:\/\/solvares.com\/en\/group\/company-impactit-portatour\/\" title=\"\"><\/p>\n<p><\/a><\/p>\n","protected":false},"excerpt":{"rendered":"<p>Optimising transport logistics, minimising costs, improving processes and increasing competitiveness \u2013 these are the core<span class=\"excerpt-hellip\"> [\u2026]<\/span><\/p>\n","protected":false},"author":1,"featured_media":0,"parent":247,"menu_order":4,"comment_status":"closed","ping_status":"closed","template":"","meta":{"inline_featured_image":false,"footnotes":""},"class_list":["post-5411","page","type-page","status-publish","hentry"],"yoast_head":"<!-- This site is optimized with the Yoast SEO Premium plugin v27.4 (Yoast SEO v27.5) - https:\/\/yoast.com\/product\/yoast-seo-premium-wordpress\/ -->\n<title>Solvares Group - Solvares Logistics - Transport logistics &amp; more<\/title>\n<meta name=\"description\" content=\"Solvares Logistics is a member of the Solvares Group. The company offers leading software and consulting for logistics.\" \/>\n<meta name=\"robots\" content=\"index, follow, max-snippet:-1, max-image-preview:large, max-video-preview:-1\" \/>\n<link rel=\"canonical\" href=\"https:\/\/solvares.com\/en\/group\/company-solvares-logistics\/\" \/>\n<meta property=\"og:locale\" content=\"en_GB\" \/>\n<meta property=\"og:type\" content=\"article\" \/>\n<meta property=\"og:title\" content=\"Company \u2013 Solvares Logistics\" \/>\n<meta property=\"og:description\" content=\"Optimising transport logistics, minimising costs, improving processes and increasing competitiveness \u2013 these are the core areas of Solvares Logistics.\" \/>\n<meta property=\"og:url\" content=\"https:\/\/solvares.com\/en\/group\/company-solvares-logistics\/\" \/>\n<meta property=\"og:site_name\" content=\"SOLVARES GROUP \u2013 Marktf\u00fchrer f\u00fcr Ressourcen-Optimierung in Europa\" \/>\n<meta property=\"article:modified_time\" content=\"2026-02-13T14:46:52+00:00\" \/>\n<meta property=\"og:image\" content=\"https:\/\/solvares.com\/wp-content\/uploads\/2025\/06\/solvares-logistics-alexander-sollmann-1.webp\" \/>\n<meta name=\"twitter:card\" content=\"summary_large_image\" \/>\n<meta name=\"twitter:label1\" content=\"Estimated reading time\" \/>\n\t<meta name=\"twitter:data1\" content=\"3 minutes\" \/>\n<!-- \/ Yoast SEO Premium plugin. -->","yoast_head_json":{"title":"Solvares Group - Solvares Logistics - Transport logistics & more","description":"Solvares Logistics is a member of the Solvares Group. The company offers leading software and consulting for logistics.","robots":{"index":"index","follow":"follow","max-snippet":"max-snippet:-1","max-image-preview":"max-image-preview:large","max-video-preview":"max-video-preview:-1"},"canonical":"https:\/\/solvares.com\/en\/group\/company-solvares-logistics\/","og_locale":"en_GB","og_type":"article","og_title":"Company \u2013 Solvares Logistics","og_description":"Optimising transport logistics, minimising costs, improving processes and increasing competitiveness \u2013 these are the core areas of Solvares Logistics.","og_url":"https:\/\/solvares.com\/en\/group\/company-solvares-logistics\/","og_site_name":"SOLVARES GROUP \u2013 Marktf\u00fchrer f\u00fcr Ressourcen-Optimierung in Europa","article_modified_time":"2026-02-13T14:46:52+00:00","og_image":[{"url":"https:\/\/solvares.com\/wp-content\/uploads\/2025\/06\/solvares-logistics-alexander-sollmann-1.webp","type":"","width":"","height":""}],"twitter_card":"summary_large_image","twitter_misc":{"Estimated reading time":"3 minutes"},"schema":{"@context":"https:\/\/schema.org","@graph":[{"@type":"WebPage","@id":"https:\/\/solvares.com\/en\/group\/company-solvares-logistics\/","url":"https:\/\/solvares.com\/en\/group\/company-solvares-logistics\/","name":"Solvares Group - Solvares Logistics - Transport logistics & more","isPartOf":{"@id":"https:\/\/solvares.com\/en\/#website"},"primaryImageOfPage":{"@id":"https:\/\/solvares.com\/en\/group\/company-solvares-logistics\/#primaryimage"},"image":{"@id":"https:\/\/solvares.com\/en\/group\/company-solvares-logistics\/#primaryimage"},"thumbnailUrl":"https:\/\/solvares.com\/wp-content\/uploads\/2025\/06\/solvares-logistics-alexander-sollmann-1.webp","datePublished":"2025-11-24T15:05:44+00:00","dateModified":"2026-02-13T14:46:52+00:00","description":"Solvares Logistics is a member of the Solvares Group. The company offers leading software and consulting for logistics.","breadcrumb":{"@id":"https:\/\/solvares.com\/en\/group\/company-solvares-logistics\/#breadcrumb"},"inLanguage":"en-GB","potentialAction":[{"@type":"ReadAction","target":["https:\/\/solvares.com\/en\/group\/company-solvares-logistics\/"]}]},{"@type":"ImageObject","inLanguage":"en-GB","@id":"https:\/\/solvares.com\/en\/group\/company-solvares-logistics\/#primaryimage","url":"https:\/\/solvares.com\/wp-content\/uploads\/2025\/06\/solvares-logistics-alexander-sollmann-1.webp","contentUrl":"https:\/\/solvares.com\/wp-content\/uploads\/2025\/06\/solvares-logistics-alexander-sollmann-1.webp"},{"@type":"BreadcrumbList","@id":"https:\/\/solvares.com\/en\/group\/company-solvares-logistics\/#breadcrumb","itemListElement":[{"@type":"ListItem","position":1,"name":"Home","item":"https:\/\/solvares.com\/en\/"},{"@type":"ListItem","position":2,"name":"Group","item":"https:\/\/solvares.com\/en\/group\/"},{"@type":"ListItem","position":3,"name":"Company \u2013 Solvares Logistics"}]},{"@type":"WebSite","@id":"https:\/\/solvares.com\/en\/#website","url":"https:\/\/solvares.com\/en\/","name":"SOLVARES GROUP \u2013 Marktf\u00fchrer f\u00fcr Ressourcen-Optimierung in Europa","description":"Intelligente Optimierung von Ressourcen durch Best-of-Breed-L\u00f6sungen \u2013 SOLVARES GROUP","publisher":{"@id":"https:\/\/solvares.com\/en\/#organization"},"potentialAction":[{"@type":"SearchAction","target":{"@type":"EntryPoint","urlTemplate":"https:\/\/solvares.com\/en\/?s={search_term_string}"},"query-input":{"@type":"PropertyValueSpecification","valueRequired":true,"valueName":"search_term_string"}}],"inLanguage":"en-GB"},{"@type":"Organization","@id":"https:\/\/solvares.com\/en\/#organization","name":"SOLVARES GROUP","url":"https:\/\/solvares.com\/en\/","logo":{"@type":"ImageObject","inLanguage":"en-GB","@id":"https:\/\/solvares.com\/en\/#\/schema\/logo\/image\/","url":"https:\/\/solvares.com\/wp-content\/uploads\/2023\/06\/SOLVARES-Logo-Claim-OnWhite.jpg","contentUrl":"https:\/\/solvares.com\/wp-content\/uploads\/2023\/06\/SOLVARES-Logo-Claim-OnWhite.jpg","width":1200,"height":332,"caption":"SOLVARES GROUP"},"image":{"@id":"https:\/\/solvares.com\/en\/#\/schema\/logo\/image\/"},"sameAs":["https:\/\/www.linkedin.com\/company\/solvares-group\/"]}]}},"_links":{"self":[{"href":"https:\/\/solvares.com\/en\/wp-json\/wp\/v2\/pages\/5411","targetHints":{"allow":["GET"]}}],"collection":[{"href":"https:\/\/solvares.com\/en\/wp-json\/wp\/v2\/pages"}],"about":[{"href":"https:\/\/solvares.com\/en\/wp-json\/wp\/v2\/types\/page"}],"author":[{"embeddable":true,"href":"https:\/\/solvares.com\/en\/wp-json\/wp\/v2\/users\/1"}],"replies":[{"embeddable":true,"href":"https:\/\/solvares.com\/en\/wp-json\/wp\/v2\/comments?post=5411"}],"version-history":[{"count":4,"href":"https:\/\/solvares.com\/en\/wp-json\/wp\/v2\/pages\/5411\/revisions"}],"predecessor-version":[{"id":5510,"href":"https:\/\/solvares.com\/en\/wp-json\/wp\/v2\/pages\/5411\/revisions\/5510"}],"up":[{"embeddable":true,"href":"https:\/\/solvares.com\/en\/wp-json\/wp\/v2\/pages\/247"}],"wp:attachment":[{"href":"https:\/\/solvares.com\/en\/wp-json\/wp\/v2\/media?parent=5411"}],"curies":[{"name":"wp","href":"https:\/\/api.w.org\/{rel}","templated":true}]}}